{"id":3,"date":"2024-02-08T16:53:53","date_gmt":"2024-02-08T15:53:53","guid":{"rendered":"http:\/\/serwer78884.lh.pl\/autoinstalator\/serwer78884.lh.pl\/wordpress55031\/?page_id=3"},"modified":"2025-06-23T21:51:11","modified_gmt":"2025-06-23T19:51:11","slug":"polityka-prywatnosci","status":"publish","type":"page","link":"https:\/\/lunaszklarskaporeba.pl\/index.php\/polityka-prywatnosci\/","title":{"rendered":"Polityka prywatno\u015bci"},"content":{"rendered":"\t\t<div data-elementor-type=\"wp-page\" data-elementor-id=\"3\" class=\"elementor elementor-3\">\n\t\t\t\t<div class=\"elementor-element elementor-element-a137b36 e-flex e-con-boxed e-con e-parent\" data-id=\"a137b36\" data-element_type=\"container\">\n\t\t\t\t\t<div class=\"e-con-inner\">\n\t\t<div class=\"elementor-element elementor-element-012ce57 e-con-full e-flex e-con e-child\" data-id=\"012ce57\" data-element_type=\"container\">\n\t\t\t\t<div class=\"elementor-element elementor-element-ec52ff8 elementor-widget elementor-widget-text-editor\" data-id=\"ec52ff8\" data-element_type=\"widget\" data-widget_type=\"text-editor.default\">\n\t\t\t\t<div class=\"elementor-widget-container\">\n\t\t\t\t\t\t\t\t\t<h2><strong>Polityka Prywatno\u015bci <\/strong><strong>Luna Luxury Apartments<\/strong><\/h2>\n<h3>1. Informacje og\u00f3lne<\/h3>\n<p style=\"font-weight: 400;\">Niniejsza Polityka Prywatno\u015bci okre\u015bla zasady przetwarzania danych osobowych oraz wykorzystywania plik\u00f3w cookies w zwi\u0105zku z korzystaniem ze strony internetowej <strong>www.lunaluxuryapartments.pl<\/strong> (dalej: \u201eStrona\u201d), prowadzonej przez:<\/p>\n<p style=\"font-weight: 400;\"><strong>Luna Luxury Apartments<\/strong><br \/>Luna Luxury Apartmets S.C. S.Pakosz, P.Pakosz<br \/>ul. Broniewskiego 16, 58-580 Szklarska Por\u0119ba<br \/>NIP: 611 283 98 92<br \/>E-mail: lunaszklarskaporeba@gmail.com<br \/>Telefon: 605 783 888<\/p>\n<p style=\"font-weight: 400;\">Administratorem danych osobowych jest\u00a0 Luna Luxury Apartmets S.C. S.Pakosz, P.Pakosz<\/p>\n<h3>2. Cele i podstawy przetwarzania danych<\/h3>\n<p style=\"font-weight: 400;\">Przetwarzamy dane osobowe wy\u0142\u0105cznie w zakresie niezb\u0119dnym do realizacji nast\u0119puj\u0105cych cel\u00f3w:<\/p>\n<ul>\n<li><strong>Rezerwacja pobytu<\/strong> \u2013 przetwarzamy dane w celu zawarcia i wykonania umowy najmu apartamentu (art. 6 ust. 1 lit. b RODO),<\/li>\n<li><strong>Kontakt przez formularz lub e-mail<\/strong> \u2013 w celu odpowiedzi na zapytania (art. 6 ust. 1 lit. f lub b RODO),<\/li>\n<li><strong>Wype\u0142nienie obowi\u0105zk\u00f3w prawnych<\/strong> (np. meldunek, wystawienie faktury) \u2013 (art. 6 ust. 1 lit. c RODO),<\/li>\n<li><strong>Marketing bezpo\u015bredni<\/strong> \u2013 na podstawie udzielonej zgody (art. 6 ust. 1 lit. a RODO),<\/li>\n<li><strong>Zabezpieczenie roszcze\u0144<\/strong> \u2013 na podstawie uzasadnionego interesu (art. 6 ust. 1 lit. f RODO).<\/li>\n<\/ul>\n<h3>3. Zakres przetwarzanych danych<\/h3>\n<p style=\"font-weight: 400;\">W zale\u017cno\u015bci od celu, mo\u017cemy przetwarza\u0107 nast\u0119puj\u0105ce dane:<\/p>\n<ul>\n<li>Imi\u0119 i nazwisko,<\/li>\n<li>Adres e-mail,<\/li>\n<li>Numer telefonu,<\/li>\n<li>Adres zamieszkania,<\/li>\n<li>Dane do faktury,<\/li>\n<li>Numer dokumentu to\u017csamo\u015bci (je\u015bli wymagane przez prawo),<\/li>\n<li>Adres IP, dane o przegl\u0105darce i systemie operacyjnym (w przypadku korzystania z cookies).<\/li>\n<\/ul>\n<h3>4. Odbiorcy danych<\/h3>\n<p style=\"font-weight: 400;\">Dane osobowe mog\u0105 by\u0107 przekazywane:<\/p>\n<ul>\n<li>Podmiotom \u015bwiadcz\u0105cym us\u0142ugi na nasz\u0105 rzecz (np. obs\u0142uga IT, ksi\u0119gowo\u015b\u0107),<\/li>\n<li>Operatorom system\u00f3w rezerwacyjnych (np. com, AirBnB itp.),<\/li>\n<li>Instytucjom publicznym, je\u015bli wynika to z przepis\u00f3w prawa (np. urz\u0105d skarbowy, policja).<\/li>\n<\/ul>\t\t\t\t\t\t\t\t<\/div>\n\t\t\t\t<\/div>\n\t\t\t\t<\/div>\n\t\t<div class=\"elementor-element elementor-element-1a5d1e7 e-con-full e-flex e-con e-child\" data-id=\"1a5d1e7\" data-element_type=\"container\">\n\t\t\t\t<div class=\"elementor-element elementor-element-6756f0e elementor-widget elementor-widget-text-editor\" data-id=\"6756f0e\" data-element_type=\"widget\" data-widget_type=\"text-editor.default\">\n\t\t\t\t<div class=\"elementor-widget-container\">\n\t\t\t\t\t\t\t\t\t<h3>5. Czas przechowywania danych<\/h3>\n<p style=\"font-weight: 400;\">Dane przechowywane s\u0105 przez okres:<\/p>\n<ul>\n<li>Trwania umowy oraz przez okres przedawnienia roszcze\u0144 (do 6 lat),<\/li>\n<li>W przypadku danych z formularzy kontaktowych \u2013 do 12 miesi\u0119cy od ostatniego kontaktu,<\/li>\n<li>W przypadku zgody marketingowej \u2013 do momentu jej wycofania.<\/li>\n<\/ul>\n<h3>6. Twoje prawa<\/h3>\n<p style=\"font-weight: 400;\">Masz prawo do:<\/p>\n<ul>\n<li>Dost\u0119pu do danych osobowych,<\/li>\n<li>Sprostowania danych,<\/li>\n<li>Usuni\u0119cia danych (\u201eprawo do bycia zapomnianym\u201d),<\/li>\n<li>Ograniczenia przetwarzania,<\/li>\n<li>Przenoszenia danych,<\/li>\n<li>Wniesienia sprzeciwu wobec przetwarzania danych,<\/li>\n<li>Cofni\u0119cia zgody (je\u015bli by\u0142a udzielona),<\/li>\n<li>Wniesienia skargi do Prezesa UODO.<\/li>\n<\/ul>\n<h3>7. Pliki cookies<\/h3>\n<p style=\"font-weight: 400;\">Strona korzysta z plik\u00f3w cookies w celu:<\/p>\n<ul>\n<li>Zapewnienia prawid\u0142owego dzia\u0142ania strony,<\/li>\n<li>U\u0142atwienia korzystania z witryny,<\/li>\n<li>Cel\u00f3w statystycznych i analitycznych (np. Google Analytics),<\/li>\n<li>Marketingowych<\/li>\n<\/ul>\n<p style=\"font-weight: 400;\">U\u017cytkownik mo\u017ce w ka\u017cdej chwili zmieni\u0107 ustawienia swojej przegl\u0105darki dotycz\u0105ce cookies.<\/p>\n<h3>8. Zabezpieczenia<\/h3>\n<p style=\"font-weight: 400;\">Dbamy o bezpiecze\u0144stwo danych osobowych poprzez stosowanie odpowiednich \u015brodk\u00f3w technicznych i organizacyjnych, w tym szyfrowanie SSL, systemy kontroli dost\u0119pu oraz regularne aktualizacje oprogramowania.<\/p>\n<h3>9. Zmiany Polityki Prywatno\u015bci<\/h3>\n<p style=\"font-weight: 400;\">Zastrzegamy sobie prawo do zmiany niniejszej Polityki Prywatno\u015bci. Aktualna wersja b\u0119dzie zawsze dost\u0119pna na naszej stronie internetowej.<\/p>\t\t\t\t\t\t\t\t<\/div>\n\t\t\t\t<\/div>\n\t\t\t\t<\/div>\n\t\t\t\t\t<\/div>\n\t\t\t\t<\/div>\n\t\t\t\t<\/div>\n\t\t","protected":false},"excerpt":{"rendered":"<p>Polityka Prywatno\u015bci Luna Luxury Apartments 1. Informacje og\u00f3lne Niniejsza Polityka Prywatno\u015bci okre\u015bla zasady przetwarzania danych osobowych oraz wykorzystywania plik\u00f3w cookies w zwi\u0105zku z korzystaniem ze strony internetowej www.lunaluxuryapartments.pl (dalej: \u201eStrona\u201d), prowadzonej przez: Luna Luxury ApartmentsLuna Luxury Apartmets S.C. S.Pakosz, P.Pakoszul. Broniewskiego 16, 58-580 Szklarska Por\u0119baNIP: 611 283 98 92E-mail: lunaszklarskaporeba@gmail.comTelefon: 605 783 888 Administratorem danych [&hellip;]<\/p>\n","protected":false},"author":1,"featured_media":0,"parent":0,"menu_order":0,"comment_status":"closed","ping_status":"open","template":"page-templates\/template-default.php","meta":{"inline_featured_image":false,"_monsterinsights_skip_tracking":false,"_monsterinsights_sitenote_active":false,"_monsterinsights_sitenote_note":"","_monsterinsights_sitenote_category":0,"footnotes":""},"class_list":["post-3","page","type-page","status-publish","hentry"],"_links":{"self":[{"href":"https:\/\/lunaszklarskaporeba.pl\/index.php\/wp-json\/wp\/v2\/pages\/3","targetHints":{"allow":["GET"]}}],"collection":[{"href":"https:\/\/lunaszklarskaporeba.pl\/index.php\/wp-json\/wp\/v2\/pages"}],"about":[{"href":"https:\/\/lunaszklarskaporeba.pl\/index.php\/wp-json\/wp\/v2\/types\/page"}],"author":[{"embeddable":true,"href":"https:\/\/lunaszklarskaporeba.pl\/index.php\/wp-json\/wp\/v2\/users\/1"}],"replies":[{"embeddable":true,"href":"https:\/\/lunaszklarskaporeba.pl\/index.php\/wp-json\/wp\/v2\/comments?post=3"}],"version-history":[{"count":6,"href":"https:\/\/lunaszklarskaporeba.pl\/index.php\/wp-json\/wp\/v2\/pages\/3\/revisions"}],"predecessor-version":[{"id":3309,"href":"https:\/\/lunaszklarskaporeba.pl\/index.php\/wp-json\/wp\/v2\/pages\/3\/revisions\/3309"}],"wp:attachment":[{"href":"https:\/\/lunaszklarskaporeba.pl\/index.php\/wp-json\/wp\/v2\/media?parent=3"}],"curies":[{"name":"wp","href":"https:\/\/api.w.org\/{rel}","templated":true}]}}