{"id":2553,"date":"2024-02-12T09:19:42","date_gmt":"2024-02-12T09:19:42","guid":{"rendered":"https:\/\/wp.ditsolution.net\/luxury\/?page_id=2553"},"modified":"2026-02-18T17:30:18","modified_gmt":"2026-02-18T16:30:18","slug":"home-video","status":"publish","type":"page","link":"https:\/\/lunaszklarskaporeba.pl\/","title":{"rendered":"Start"},"content":{"rendered":"\t\t<div data-elementor-type=\"wp-page\" data-elementor-id=\"2553\" class=\"elementor elementor-2553\">\n\t\t\t\t\t\t<section class=\"elementor-section elementor-top-section elementor-element elementor-element-d9cea23 elementor-section-boxed elementor-section-height-default elementor-section-height-default\" data-id=\"d9cea23\" data-element_type=\"section\" data-settings=\"{&quot;background_background&quot;:&quot;video&quot;,&quot;background_video_link&quot;:&quot;https:\\\/\\\/vimeo.com\\\/1055005895\\\/6c02afd946?share=copy&quot;,&quot;background_play_on_mobile&quot;:&quot;yes&quot;,&quot;background_video_start&quot;:2}\">\n\t\t\t\t\t\t\t\t<div class=\"elementor-background-video-container\" aria-hidden=\"true\">\n\t\t\t\t\t\t\t\t\t\t\t\t\t<div class=\"elementor-background-video-embed\"><\/div>\n\t\t\t\t\t\t\t\t\t\t\t\t<\/div>\n\t\t\t\t\t\t\t\t\t<div class=\"elementor-background-overlay\"><\/div>\n\t\t\t\t\t\t\t<div class=\"elementor-container elementor-column-gap-default\">\n\t\t\t\t\t<div class=\"elementor-column elementor-col-100 elementor-top-column elementor-element elementor-element-e47cbc3\" data-id=\"e47cbc3\" data-element_type=\"column\">\n\t\t\t<div class=\"elementor-widget-wrap elementor-element-populated\">\n\t\t\t\t\t\t<div class=\"elementor-element elementor-element-e27c009 vid elementor-widget elementor-widget-sectiontitle\" data-id=\"e27c009\" data-element_type=\"widget\" data-widget_type=\"sectiontitle.default\">\n\t\t\t\t<div class=\"elementor-widget-container\">\n\t\t\t\t\t\r\n\t\t\t\t<div class=\"\">\r\n\r\n\t\t\t<div class=\"section-title t_center\">\r\n                \r\n\t\t\t\t\t\t\t\t\r\n\t\t\t\t  \r\n                       <h3>Luna Luxury Apartments<\/h3>\r\n                \t\t\t\t\r\n\t\t\t\t \t\t\t\t\r\n                \t\t\t\t\r\n\r\n\t\t\t\t\r\n\t\t\t<\/div>\t\r\n\r\n\t\t<\/div>\r\n\r\n\t\t\r\n\t\t\t\t\t\t<\/div>\n\t\t\t\t<\/div>\n\t\t\t\t<div class=\"elementor-element elementor-element-a388236 elementor-widget elementor-widget-dit-button\" data-id=\"a388236\" data-element_type=\"widget\" data-widget_type=\"dit-button.default\">\n\t\t\t\t<div class=\"elementor-widget-container\">\n\t\t\t\t\t\r\n\t\t\r\n\t\t\t\t<div class=\"dreamit-button-box\">\r\n\t\t\t\t\t\t\t\t\t\t<div class=\"dreamit-button\">\r\n\t\t\t\t\t\t<a href=\"https:\/\/lunaszklarskaporeba.pl\/index.php\/oferta\/\">\r\n\t\t\t\t\t\t\tZapraszamy \/ Rezerwacja\t\t\t\t\t\t\t<i class=\"\"><\/i>\r\n\t\t\t\t\t\t<\/a>\r\n\t\t\t\t\t<\/div>\r\n\t\t\t\t\t\t\t\t\t<\/div>\r\n\r\n\t\t\r\n\t\t\t\t\t<\/div>\n\t\t\t\t<\/div>\n\t\t\t\t\t<\/div>\n\t\t<\/div>\n\t\t\t\t\t<\/div>\n\t\t<\/section>\n\t\t\t\t<section class=\"elementor-section elementor-top-section elementor-element elementor-element-42a937b elementor-section-content-middle elementor-section-boxed elementor-section-height-default elementor-section-height-default\" data-id=\"42a937b\" data-element_type=\"section\" data-settings=\"{&quot;background_background&quot;:&quot;classic&quot;}\">\n\t\t\t\t\t\t<div class=\"elementor-container elementor-column-gap-default\">\n\t\t\t\t\t<div class=\"elementor-column elementor-col-50 elementor-top-column elementor-element elementor-element-0abe29a\" data-id=\"0abe29a\" data-element_type=\"column\">\n\t\t\t<div class=\"elementor-widget-wrap elementor-element-populated\">\n\t\t\t\t\t\t<div class=\"elementor-element elementor-element-47b0001 elementor-widget elementor-widget-sectiontitle\" data-id=\"47b0001\" data-element_type=\"widget\" data-widget_type=\"sectiontitle.default\">\n\t\t\t\t<div class=\"elementor-widget-container\">\n\t\t\t\t\t\r\n\t\t\t\t<div class=\"\">\r\n\r\n\t\t\t<div class=\"section-title t_left\">\r\n                 \r\n                        <h5>LUNA LUXURY APARTMENTS <span><\/span><\/h5>\r\n                \r\n\t\t\t\t\t\t\t\t\r\n\t\t\t\t  \r\n                       <h3>Tw\u00f3j azyl w sercu Karkonoszy!<\/h3>\r\n                \t\t\t\t\r\n\t\t\t\t \t\t\t\t\r\n                 \r\n                        <p>Luna Luxury Apartmets - luksusowe apartamenty w Szklarskiej Por\u0119bie, po\u0142o\u017cone w bezpo\u015brednim s\u0105siedztwie Karkonoskiego Parku Narodowego. Z naszych apartament\u00f3w jest tylko 450 m do wyci\u0105gu krzese\u0142kowego na Szrenic\u0119 oraz licznych wyci\u0105g\u00f3w narciarskich.\n<br>\nNasze pokoje zosta\u0142y starannie zaprojektowane z my\u015bl\u0105 o wygodzie go\u015bci, oferuj\u0105c szereg udogodnie\u0144. Ka\u017cdy apartament wyposa\u017cony jest w telewizor, balkon lub taras, dost\u0119p do szybkiego internetu, a tak\u017ce r\u0119czniki i szlafroki, by zapewni\u0107 maksymalny komfort.<\/p>\r\n                \t\t\t\t\r\n\r\n\t\t\t\t\r\n\t\t\t<\/div>\t\r\n\r\n\t\t<\/div>\r\n\r\n\t\t\r\n\t\t\t\t\t\t<\/div>\n\t\t\t\t<\/div>\n\t\t\t\t\t<\/div>\n\t\t<\/div>\n\t\t\t\t<div class=\"elementor-column elementor-col-50 elementor-top-column elementor-element elementor-element-a1e145f\" data-id=\"a1e145f\" data-element_type=\"column\">\n\t\t\t<div class=\"elementor-widget-wrap elementor-element-populated\">\n\t\t\t\t\t\t<div class=\"elementor-element elementor-element-f07f787 elementor-widget elementor-widget-image-carousel\" data-id=\"f07f787\" data-element_type=\"widget\" data-settings=\"{&quot;slides_to_show&quot;:&quot;1&quot;,&quot;navigation&quot;:&quot;none&quot;,&quot;lazyload&quot;:&quot;yes&quot;,&quot;autoplay_speed&quot;:4000,&quot;effect&quot;:&quot;fade&quot;,&quot;speed&quot;:4000,&quot;autoplay&quot;:&quot;yes&quot;,&quot;infinite&quot;:&quot;yes&quot;}\" data-widget_type=\"image-carousel.default\">\n\t\t\t\t<div class=\"elementor-widget-container\">\n\t\t\t\t\t\t\t<div class=\"elementor-image-carousel-wrapper swiper\" role=\"region\" aria-roledescription=\"carousel\" aria-label=\"Karuzela obrazk\u00f3w\" dir=\"ltr\">\n\t\t\t<div class=\"elementor-image-carousel swiper-wrapper\" aria-live=\"off\">\n\t\t\t\t\t\t\t\t<div class=\"swiper-slide\" role=\"group\" aria-roledescription=\"slide\" aria-label=\"1 z 8\"><figure class=\"swiper-slide-inner\"><img class=\"swiper-slide-image swiper-lazy\" data-src=\"https:\/\/lunaszklarskaporeba.pl\/wp-content\/uploads\/2025\/07\/c.jpg\" alt=\"c\" \/><div class=\"swiper-lazy-preloader\"><\/div><\/figure><\/div><div class=\"swiper-slide\" role=\"group\" aria-roledescription=\"slide\" aria-label=\"2 z 8\"><figure class=\"swiper-slide-inner\"><img class=\"swiper-slide-image swiper-lazy\" data-src=\"https:\/\/lunaszklarskaporeba.pl\/wp-content\/uploads\/2025\/07\/e@2x.webp\" alt=\"e@2x\" \/><div class=\"swiper-lazy-preloader\"><\/div><\/figure><\/div><div class=\"swiper-slide\" role=\"group\" aria-roledescription=\"slide\" aria-label=\"3 z 8\"><figure class=\"swiper-slide-inner\"><img class=\"swiper-slide-image swiper-lazy\" data-src=\"https:\/\/lunaszklarskaporeba.pl\/wp-content\/uploads\/2025\/07\/a.jpg\" alt=\"a\" \/><div class=\"swiper-lazy-preloader\"><\/div><\/figure><\/div><div class=\"swiper-slide\" role=\"group\" aria-roledescription=\"slide\" aria-label=\"4 z 8\"><figure class=\"swiper-slide-inner\"><img class=\"swiper-slide-image swiper-lazy\" data-src=\"https:\/\/lunaszklarskaporeba.pl\/wp-content\/uploads\/2025\/07\/d.jpg\" alt=\"d\" \/><div class=\"swiper-lazy-preloader\"><\/div><\/figure><\/div><div class=\"swiper-slide\" role=\"group\" aria-roledescription=\"slide\" aria-label=\"5 z 8\"><figure class=\"swiper-slide-inner\"><img class=\"swiper-slide-image swiper-lazy\" data-src=\"https:\/\/lunaszklarskaporeba.pl\/wp-content\/uploads\/2025\/07\/f@2x.webp\" alt=\"f@2x\" \/><div class=\"swiper-lazy-preloader\"><\/div><\/figure><\/div><div class=\"swiper-slide\" role=\"group\" aria-roledescription=\"slide\" aria-label=\"6 z 8\"><figure class=\"swiper-slide-inner\"><img class=\"swiper-slide-image swiper-lazy\" data-src=\"https:\/\/lunaszklarskaporeba.pl\/wp-content\/uploads\/2025\/07\/j.jpg\" alt=\"j\" \/><div class=\"swiper-lazy-preloader\"><\/div><\/figure><\/div><div class=\"swiper-slide\" role=\"group\" aria-roledescription=\"slide\" aria-label=\"7 z 8\"><figure class=\"swiper-slide-inner\"><img class=\"swiper-slide-image swiper-lazy\" data-src=\"https:\/\/lunaszklarskaporeba.pl\/wp-content\/uploads\/2025\/07\/i.jpg\" alt=\"i\" \/><div class=\"swiper-lazy-preloader\"><\/div><\/figure><\/div><div class=\"swiper-slide\" role=\"group\" aria-roledescription=\"slide\" aria-label=\"8 z 8\"><figure class=\"swiper-slide-inner\"><img class=\"swiper-slide-image swiper-lazy\" data-src=\"https:\/\/lunaszklarskaporeba.pl\/wp-content\/uploads\/2025\/07\/h.jpg\" alt=\"h\" \/><div class=\"swiper-lazy-preloader\"><\/div><\/figure><\/div>\t\t\t<\/div>\n\t\t\t\t\t\t\t\n\t\t\t\t\t\t\t\t\t<\/div>\n\t\t\t\t\t\t<\/div>\n\t\t\t\t<\/div>\n\t\t\t\t\t<\/div>\n\t\t<\/div>\n\t\t\t\t\t<\/div>\n\t\t<\/section>\n\t\t\t\t<section class=\"elementor-section elementor-top-section elementor-element elementor-element-d806f40 elementor-hidden-desktop elementor-hidden-tablet elementor-hidden-mobile elementor-section-boxed elementor-section-height-default elementor-section-height-default\" data-id=\"d806f40\" data-element_type=\"section\" data-settings=\"{&quot;background_background&quot;:&quot;classic&quot;}\">\n\t\t\t\t\t\t<div class=\"elementor-container elementor-column-gap-default\">\n\t\t\t\t\t<div class=\"elementor-column elementor-col-50 elementor-top-column elementor-element elementor-element-72443fb\" data-id=\"72443fb\" data-element_type=\"column\">\n\t\t\t<div class=\"elementor-widget-wrap elementor-element-populated\">\n\t\t\t\t\t\t<div class=\"elementor-element elementor-element-2e59f30 elementor-widget elementor-widget-sectiontitle\" data-id=\"2e59f30\" data-element_type=\"widget\" data-widget_type=\"sectiontitle.default\">\n\t\t\t\t<div class=\"elementor-widget-container\">\n\t\t\t\t\t\r\n\t\t\t\t<div class=\"\">\r\n\r\n\t\t\t<div class=\"section-title t_left\">\r\n                 \r\n                        <h5>BEST SUMMER OFFERS <span><\/span><\/h5>\r\n                \r\n\t\t\t\t\t\t\t\t\r\n\t\t\t\t  \r\n                       <h3>Best Summer <br> Offers<\/h3>\r\n                \t\t\t\t\r\n\t\t\t\t \t\t\t\t\r\n                 \r\n                        <p>A wonderful serenity has taken possession of <br> is\nconsectetur adipiscing elit dos eiusmod <br> tempor\nsweet spring which I enjoy you.<\/p>\r\n                \t\t\t\t\r\n\r\n\t\t\t\t\r\n\t\t\t<\/div>\t\r\n\r\n\t\t<\/div>\r\n\r\n\t\t\r\n\t\t\t\t\t\t<\/div>\n\t\t\t\t<\/div>\n\t\t\t\t\t<\/div>\n\t\t<\/div>\n\t\t\t\t<div class=\"elementor-column elementor-col-50 elementor-top-column elementor-element elementor-element-c1edd25\" data-id=\"c1edd25\" data-element_type=\"column\">\n\t\t\t<div class=\"elementor-widget-wrap elementor-element-populated\">\n\t\t\t\t\t\t<div class=\"elementor-element elementor-element-80342c8 elementor-widget elementor-widget-tab2\" data-id=\"80342c8\" data-element_type=\"widget\" data-widget_type=\"tab2.default\">\n\t\t\t\t<div class=\"elementor-widget-container\">\n\t\t\t\t\t    \t\r\n    \t\r\n<div class=\"mkTabs\">\r\n\t<div class=\"link-tabs\">\r\n\t\t<a href=\"#tabs\" class=\"link-tabs__module check-tabs-button active-tabs\" data-tabs=\"0\">\r\n            <div class=\"img-tab-content\">\r\n                <div class=\"tab-img\">\r\n                     <img decoding=\"async\" src=\"https:\/\/wp.ditsolution.net\/luxury\/wp-content\/uploads\/2023\/03\/Luxury-1st-1-2.jpg\" \/>\r\n                    <div class=\"tab-title\">\r\n                        <h2>Family Suite<\/h2>\r\n                        <span>One week<\/span>\r\n                    <\/div>\r\n                <\/div>\r\n                <div class=\"img-price\">\r\n                    <span>$ 89<\/span>\r\n                <\/div>\r\n            <\/div>\r\n\t\t<\/a>\r\n\t\t<a href=\"#tabs\" class=\"link-tabs__module check-tabs-button\" data-tabs=\"1\">\r\n            <div class=\"img-tab-content\">\r\n                <div class=\"tab-img\">\r\n                     <img decoding=\"async\" src=\"https:\/\/wp.ditsolution.net\/luxury\/wp-content\/uploads\/2023\/03\/Luxury-1st-3-1.jpg\" \/>\r\n                    <div class=\"tab-title\">\r\n                        <h2>Small Sea Room<\/h2>\r\n                        <span>One Month <\/span>\r\n                    <\/div>\r\n                <\/div>\r\n                <div class=\"img-price\">\r\n                    <span>$ 300<\/span>\r\n                <\/div>\r\n            <\/div>\r\n\t\t<\/a>\r\n\t\t<a href=\"#tabs\" class=\"link-tabs__module check-tabs-button\" data-tabs=\"2\">\r\n            <div class=\"img-tab-content\">\r\n                <div class=\"tab-img\">\r\n                     <img decoding=\"async\" src=\"https:\/\/wp.ditsolution.net\/luxury\/wp-content\/uploads\/2023\/03\/Luxury-1st-2-1.jpg\" \/>\r\n                    <div class=\"tab-title\">\r\n                        <h2>Apartments<\/h2>\r\n                        <span>One Year<\/span>\r\n                    <\/div>\r\n                <\/div>\r\n                <div class=\"img-price\">\r\n                    <span>$ 700<\/span>\r\n                <\/div>\r\n            <\/div>\r\n\t\t<\/a>\r\n\t<\/div>\r\n\r\n\t<div class=\"image-tabs\">\r\n\t\t<div class=\"image-tabs__layout\">\r\n\t\t\t<div class=\"image-tabs__layout-container\" data-tabs-number=\"0\">\r\n\t\t\t\t<img decoding=\"async\" src=\"https:\/\/wp.ditsolution.net\/luxury\/wp-content\/uploads\/2023\/03\/Luxury-1st-1-1.jpg\" alt=\"\">\r\n\t\t\t<\/div>\r\n\t\t\t<div class=\"image-tabs__layout-container\" data-tabs-number=\"1\">\r\n\t\t\t\t<img decoding=\"async\" src=\"https:\/\/wp.ditsolution.net\/luxury\/wp-content\/uploads\/2023\/03\/Modern-2.jpg\" alt=\"\">\r\n\t\t\t<\/div>\r\n\t\t\t<div class=\"image-tabs__layout-container\" data-tabs-number=\"2\">\r\n\t\t\t\t<img decoding=\"async\" src=\"https:\/\/wp.ditsolution.net\/luxury\/wp-content\/uploads\/2023\/03\/Luxury-1st-1-1.jpg\" alt=\"\">\r\n\t\t\t<\/div>\r\n\t\t<\/div>\r\n\t<\/div>\r\n<\/div>\r\n\t\t\t\t<\/div>\n\t\t\t\t<\/div>\n\t\t\t\t\t<\/div>\n\t\t<\/div>\n\t\t\t\t\t<\/div>\n\t\t<\/section>\n\t\t\t\t<section class=\"elementor-section elementor-top-section elementor-element elementor-element-0ed3279 elementor-section-boxed elementor-section-height-default elementor-section-height-default\" data-id=\"0ed3279\" data-element_type=\"section\" data-settings=\"{&quot;background_background&quot;:&quot;classic&quot;}\">\n\t\t\t\t\t\t<div class=\"elementor-container elementor-column-gap-default\">\n\t\t\t\t\t<div class=\"elementor-column elementor-col-100 elementor-top-column elementor-element elementor-element-005d4de\" data-id=\"005d4de\" data-element_type=\"column\">\n\t\t\t<div class=\"elementor-widget-wrap elementor-element-populated\">\n\t\t\t\t\t\t<section class=\"elementor-section elementor-inner-section elementor-element elementor-element-10f5de3 elementor-section-boxed elementor-section-height-default elementor-section-height-default\" data-id=\"10f5de3\" data-element_type=\"section\">\n\t\t\t\t\t\t<div class=\"elementor-container elementor-column-gap-default\">\n\t\t\t\t\t<div class=\"elementor-column elementor-col-100 elementor-inner-column elementor-element elementor-element-2654b26\" data-id=\"2654b26\" data-element_type=\"column\">\n\t\t\t<div class=\"elementor-widget-wrap elementor-element-populated\">\n\t\t\t\t\t\t<div class=\"elementor-element elementor-element-e456f9a elementor-widget elementor-widget-sectiontitle\" data-id=\"e456f9a\" data-element_type=\"widget\" data-widget_type=\"sectiontitle.default\">\n\t\t\t\t<div class=\"elementor-widget-container\">\n\t\t\t\t\t\r\n\t\t\t\t<div class=\"\">\r\n\r\n\t\t\t<div class=\"section-title t_left\">\r\n                 \r\n                        <h5>Polecamy! <span><\/span><\/h5>\r\n                \r\n\t\t\t\t\t\t\t\t\r\n\t\t\t\t  \r\n                       <h3>Atrakcje regionu<\/h3>\r\n                \t\t\t\t\r\n\t\t\t\t \t\t\t\t\r\n                \t\t\t\t\r\n\r\n\t\t\t\t\r\n\t\t\t<\/div>\t\r\n\r\n\t\t<\/div>\r\n\r\n\t\t\r\n\t\t\t\t\t\t<\/div>\n\t\t\t\t<\/div>\n\t\t\t\t\t<\/div>\n\t\t<\/div>\n\t\t\t\t\t<\/div>\n\t\t<\/section>\n\t\t\t\t<section class=\"elementor-section elementor-inner-section elementor-element elementor-element-566d04d elementor-section-boxed elementor-section-height-default elementor-section-height-default\" data-id=\"566d04d\" data-element_type=\"section\">\n\t\t\t\t\t\t<div class=\"elementor-container elementor-column-gap-default\">\n\t\t\t\t\t<div class=\"elementor-column elementor-col-33 elementor-inner-column elementor-element elementor-element-d9ff686\" data-id=\"d9ff686\" data-element_type=\"column\">\n\t\t\t<div class=\"elementor-widget-wrap elementor-element-populated\">\n\t\t\t\t\t\t<div class=\"elementor-element elementor-element-c9d2b88 elementor-widget elementor-widget-feature\" data-id=\"c9d2b88\" data-element_type=\"widget\" data-widget_type=\"feature.default\">\n\t\t\t\t<div class=\"elementor-widget-container\">\n\t\t\t\t\t\r\n\r\n\r\n\t\t\r\n\t\t\t<div class=\"feature-box style-four\">\r\n\t\t\t\t\r\n\t\t\t\t<div class=\"feature-box-thumb\">\r\n\t\t\t\t\t<img decoding=\"async\" src=\"https:\/\/lunaszklarskaporeba.pl\/wp-content\/uploads\/2025\/06\/DSCF1641-scaled.jpg\" alt=\"\">\r\n\t\t\t\t<\/div>\r\n\t\t\t\t\r\n\t\t\t\t<div class=\"feature-box-content\">\r\n\r\n\t\t\t\t\t<div class=\"feature-box-icon\">\r\n\t\t\t\t\t\t<span><i class=\" \"><\/i><\/span>\r\n\t\t\t\t\t<\/div>\r\n\r\n\t\t\t\t\t<div class=\"feature-box-title\">\r\n\t\t\t\t\t\t<h2>Szklarska Por\u0119ba<\/h2>\r\n\t\t\t\t\t<\/div>\r\n\r\n\t\t\t\t\t<div class=\"feature-box-desc\">\r\n\t\t\t\t\t\t<p><\/p>\r\n\t\t\t\t\t<\/div>\r\n\r\n\t\t\t\t\t\t\t\t\t\t<div class=\"feature-btn\">\r\n\t\t\t\t\t\t<a href=\"https:\/\/turystyczna.szklarskaporeba.pl\/atrakcje\">\r\n\t\t\t\t\t\t\t\t\t\t\t\t<i aria-hidden=\"true\" class=\"flaticon flaticon-right-arrow\"><\/i>\t\t\t\t\t\t<\/a>\r\n\t\t\t\t\t<\/div>\r\n\t\t\t\t\t\r\n\t\t\t\t<\/div>\r\n\t\t\t<\/div>\r\n\r\n\t\t\r\n\t\t\t\t\t<\/div>\n\t\t\t\t<\/div>\n\t\t\t\t\t<\/div>\n\t\t<\/div>\n\t\t\t\t<div class=\"elementor-column elementor-col-33 elementor-inner-column elementor-element elementor-element-e8cbe1f\" data-id=\"e8cbe1f\" data-element_type=\"column\">\n\t\t\t<div class=\"elementor-widget-wrap elementor-element-populated\">\n\t\t\t\t\t\t<div class=\"elementor-element elementor-element-dcbb2df elementor-widget elementor-widget-feature\" data-id=\"dcbb2df\" data-element_type=\"widget\" data-widget_type=\"feature.default\">\n\t\t\t\t<div class=\"elementor-widget-container\">\n\t\t\t\t\t\r\n\r\n\r\n\t\t\r\n\t\t\t<div class=\"feature-box style-four\">\r\n\t\t\t\t\r\n\t\t\t\t<div class=\"feature-box-thumb\">\r\n\t\t\t\t\t<img decoding=\"async\" src=\"https:\/\/lunaszklarskaporeba.pl\/wp-content\/uploads\/2025\/06\/IMG_7756.jpg\" alt=\"\">\r\n\t\t\t\t<\/div>\r\n\t\t\t\t\r\n\t\t\t\t<div class=\"feature-box-content\">\r\n\r\n\t\t\t\t\t<div class=\"feature-box-icon\">\r\n\t\t\t\t\t\t<span><i class=\" \"><\/i><\/span>\r\n\t\t\t\t\t<\/div>\r\n\r\n\t\t\t\t\t<div class=\"feature-box-title\">\r\n\t\t\t\t\t\t<h2>Karkonosze i Izery<\/h2>\r\n\t\t\t\t\t<\/div>\r\n\r\n\t\t\t\t\t<div class=\"feature-box-desc\">\r\n\t\t\t\t\t\t<p><\/p>\r\n\t\t\t\t\t<\/div>\r\n\r\n\t\t\t\t\t\t\t\t\t\t<div class=\"feature-btn\">\r\n\t\t\t\t\t\t<a href=\"https:\/\/turystyczna.szklarskaporeba.pl\/atrakcje-okolicy\">\r\n\t\t\t\t\t\t\t\t\t\t\t\t<i aria-hidden=\"true\" class=\"flaticon flaticon-right-arrow\"><\/i>\t\t\t\t\t\t<\/a>\r\n\t\t\t\t\t<\/div>\r\n\t\t\t\t\t\r\n\t\t\t\t<\/div>\r\n\t\t\t<\/div>\r\n\r\n\t\t\r\n\t\t\t\t\t<\/div>\n\t\t\t\t<\/div>\n\t\t\t\t\t<\/div>\n\t\t<\/div>\n\t\t\t\t<div class=\"elementor-column elementor-col-33 elementor-inner-column elementor-element elementor-element-d4caafc\" data-id=\"d4caafc\" data-element_type=\"column\">\n\t\t\t<div class=\"elementor-widget-wrap elementor-element-populated\">\n\t\t\t\t\t\t<div class=\"elementor-element elementor-element-26b27f5 elementor-widget elementor-widget-feature\" data-id=\"26b27f5\" data-element_type=\"widget\" data-widget_type=\"feature.default\">\n\t\t\t\t<div class=\"elementor-widget-container\">\n\t\t\t\t\t\r\n\r\n\r\n\t\t\r\n\t\t\t<div class=\"feature-box style-four\">\r\n\t\t\t\t\r\n\t\t\t\t<div class=\"feature-box-thumb\">\r\n\t\t\t\t\t<img decoding=\"async\" src=\"https:\/\/lunaszklarskaporeba.pl\/wp-content\/uploads\/2025\/06\/DSC02980.jpg\" alt=\"\">\r\n\t\t\t\t<\/div>\r\n\t\t\t\t\r\n\t\t\t\t<div class=\"feature-box-content\">\r\n\r\n\t\t\t\t\t<div class=\"feature-box-icon\">\r\n\t\t\t\t\t\t<span><i class=\" \"><\/i><\/span>\r\n\t\t\t\t\t<\/div>\r\n\r\n\t\t\t\t\t<div class=\"feature-box-title\">\r\n\t\t\t\t\t\t<h2>Nasi s\u0105siedzi<\/h2>\r\n\t\t\t\t\t<\/div>\r\n\r\n\t\t\t\t\t<div class=\"feature-box-desc\">\r\n\t\t\t\t\t\t<p><\/p>\r\n\t\t\t\t\t<\/div>\r\n\r\n\t\t\t\t\t\t\t\t\t\t<div class=\"feature-btn\">\r\n\t\t\t\t\t\t<a href=\"https:\/\/www.visitczechia.com\/pl-pl\/things-to-do\/places\/summer-sports\/hiking-and-nordic-walking\/s-jizerske-hory-walk\">\r\n\t\t\t\t\t\t\t\t\t\t\t\t<i aria-hidden=\"true\" class=\"flaticon flaticon-right-arrow\"><\/i>\t\t\t\t\t\t<\/a>\r\n\t\t\t\t\t<\/div>\r\n\t\t\t\t\t\r\n\t\t\t\t<\/div>\r\n\t\t\t<\/div>\r\n\r\n\t\t\r\n\t\t\t\t\t<\/div>\n\t\t\t\t<\/div>\n\t\t\t\t\t<\/div>\n\t\t<\/div>\n\t\t\t\t\t<\/div>\n\t\t<\/section>\n\t\t\t\t\t<\/div>\n\t\t<\/div>\n\t\t\t\t\t<\/div>\n\t\t<\/section>\n\t\t\t\t<\/div>\n\t\t","protected":false},"excerpt":{"rendered":"<p>Luna Luxury Apartments Zapraszamy \/ Rezerwacja LUNA LUXURY APARTMENTS Tw\u00f3j azyl w sercu Karkonoszy! Luna Luxury Apartmets &#8211; luksusowe apartamenty w Szklarskiej Por\u0119bie, po\u0142o\u017cone w bezpo\u015brednim s\u0105siedztwie Karkonoskiego Parku Narodowego. Z naszych apartament\u00f3w jest tylko 450 m do wyci\u0105gu krzese\u0142kowego na Szrenic\u0119 oraz licznych wyci\u0105g\u00f3w narciarskich. Nasze pokoje zosta\u0142y starannie zaprojektowane z my\u015bl\u0105 o wygodzie [&hellip;]<\/p>\n","protected":false},"author":1,"featured_media":0,"parent":0,"menu_order":0,"comment_status":"closed","ping_status":"closed","template":"elementor_header_footer","meta":{"inline_featured_image":false,"_monsterinsights_skip_tracking":false,"_monsterinsights_sitenote_active":false,"_monsterinsights_sitenote_note":"","_monsterinsights_sitenote_category":0,"footnotes":""},"class_list":["post-2553","page","type-page","status-publish","hentry"],"_links":{"self":[{"href":"https:\/\/lunaszklarskaporeba.pl\/index.php\/wp-json\/wp\/v2\/pages\/2553","targetHints":{"allow":["GET"]}}],"collection":[{"href":"https:\/\/lunaszklarskaporeba.pl\/index.php\/wp-json\/wp\/v2\/pages"}],"about":[{"href":"https:\/\/lunaszklarskaporeba.pl\/index.php\/wp-json\/wp\/v2\/types\/page"}],"author":[{"embeddable":true,"href":"https:\/\/lunaszklarskaporeba.pl\/index.php\/wp-json\/wp\/v2\/users\/1"}],"replies":[{"embeddable":true,"href":"https:\/\/lunaszklarskaporeba.pl\/index.php\/wp-json\/wp\/v2\/comments?post=2553"}],"version-history":[{"count":131,"href":"https:\/\/lunaszklarskaporeba.pl\/index.php\/wp-json\/wp\/v2\/pages\/2553\/revisions"}],"predecessor-version":[{"id":3796,"href":"https:\/\/lunaszklarskaporeba.pl\/index.php\/wp-json\/wp\/v2\/pages\/2553\/revisions\/3796"}],"wp:attachment":[{"href":"https:\/\/lunaszklarskaporeba.pl\/index.php\/wp-json\/wp\/v2\/media?parent=2553"}],"curies":[{"name":"wp","href":"https:\/\/api.w.org\/{rel}","templated":true}]}}