{"id":1183,"date":"2022-09-13T01:53:51","date_gmt":"2022-09-13T01:53:51","guid":{"rendered":"https:\/\/wp.ditsolution.net\/luxury\/?page_id=1183"},"modified":"2025-09-02T13:09:40","modified_gmt":"2025-09-02T11:09:40","slug":"restaurant","status":"publish","type":"page","link":"https:\/\/lunaszklarskaporeba.pl\/index.php\/restaurant\/","title":{"rendered":"Restauracje"},"content":{"rendered":"\t\t<div data-elementor-type=\"wp-page\" data-elementor-id=\"1183\" class=\"elementor elementor-1183\">\n\t\t\t\t\t\t<section class=\"elementor-section elementor-top-section elementor-element elementor-element-55e68928 elementor-section-full_width elementor-section-stretched elementor-section-height-default elementor-section-height-default\" data-id=\"55e68928\" data-element_type=\"section\" data-settings=\"{&quot;background_background&quot;:&quot;video&quot;,&quot;background_video_start&quot;:1,&quot;background_play_on_mobile&quot;:&quot;yes&quot;,&quot;stretch_section&quot;:&quot;section-stretched&quot;}\">\n\t\t\t\t\t\t\t<div class=\"elementor-background-overlay\"><\/div>\n\t\t\t\t\t\t\t<div class=\"elementor-container elementor-column-gap-default\">\n\t\t\t\t\t<div class=\"elementor-column elementor-col-100 elementor-top-column elementor-element elementor-element-23d9b162\" data-id=\"23d9b162\" data-element_type=\"column\">\n\t\t\t<div class=\"elementor-widget-wrap elementor-element-populated\">\n\t\t\t\t\t\t<div class=\"elementor-element elementor-element-5b97f344 elementor-widget elementor-widget-videobox\" data-id=\"5b97f344\" data-element_type=\"widget\" data-widget_type=\"videobox.default\">\n\t\t\t\t<div class=\"elementor-widget-container\">\n\t\t\t\t\t\r\n\r\n\t\t\t\r\n\t\t\t<div id=\"parallax-video\" class=\"single-video style-two\">\r\n\t\t\t\t\r\n\t\t\t\t<div class=\"choose-video-icon\">\t\r\n\r\n\t\t\t\t\t<div class=\"video-icon\">\r\n\t\t\t\t\t\t\r\n\t\t\t\t\t\t\t\t\t\t\t\t\r\n\t\t\t\t\t\t\t\t\t\t\t\t\r\n\t\t\t\t\t<\/div>\r\n\t\t\t\t\t\r\n\t\t\t\t<\/div>\r\n\t\t\t<\/div>\r\n\r\n\t\t\t\t\r\n\r\n\r\n\r\n\t\t\t\t\t\t<\/div>\n\t\t\t\t<\/div>\n\t\t\t\t<div class=\"elementor-element elementor-element-34393547 elementor-widget elementor-widget-sectiontitle\" data-id=\"34393547\" data-element_type=\"widget\" data-widget_type=\"sectiontitle.default\">\n\t\t\t\t<div class=\"elementor-widget-container\">\n\t\t\t\t\t\r\n\t\t\t\t<div class=\"\">\r\n\r\n\t\t\t<div class=\"section-title t_center\">\r\n                \r\n\t\t\t\t \r\n                        <h1 class=\"watermark\">NwG<\/h1>\r\n                \t\t\t\t\r\n\t\t\t\t \t\t\t\t\r\n\t\t\t\t \t\t\t\t\r\n                \t\t\t\t\r\n\r\n\t\t\t\t\r\n\t\t\t<\/div>\t\r\n\r\n\t\t<\/div>\r\n\r\n\t\t\r\n\t\t\t\t\t\t<\/div>\n\t\t\t\t<\/div>\n\t\t\t\t<div class=\"elementor-element elementor-element-45426019 elementor-widget elementor-widget-spacer\" data-id=\"45426019\" data-element_type=\"widget\" data-widget_type=\"spacer.default\">\n\t\t\t\t<div class=\"elementor-widget-container\">\n\t\t\t\t\t\t\t<div class=\"elementor-spacer\">\n\t\t\t<div class=\"elementor-spacer-inner\"><\/div>\n\t\t<\/div>\n\t\t\t\t\t\t<\/div>\n\t\t\t\t<\/div>\n\t\t\t\t<div class=\"elementor-element elementor-element-2fcb97a6 elementor-widget elementor-widget-dit-button\" data-id=\"2fcb97a6\" data-element_type=\"widget\" data-widget_type=\"dit-button.default\">\n\t\t\t\t<div class=\"elementor-widget-container\">\n\t\t\t\t\t\r\n\t\t\r\n\t\t\t\t<div class=\"dreamit-button-box\">\r\n\t\t\t\t\t\t\t\t\t\t<div class=\"dreamit-button\">\r\n\t\t\t\t\t\t<a href=\"https:\/\/niebowgebie.restaurant\">\r\n\t\t\t\t\t\t\tOdwied\u017a nas\t\t\t\t\t\t\t<i class=\"flaticon flaticon-right-arrow\"><\/i>\r\n\t\t\t\t\t\t<\/a>\r\n\t\t\t\t\t<\/div>\r\n\t\t\t\t\t\t\t\t\t<\/div>\r\n\r\n\t\t\r\n\t\t\t\t\t<\/div>\n\t\t\t\t<\/div>\n\t\t\t\t\t<\/div>\n\t\t<\/div>\n\t\t\t\t\t<\/div>\n\t\t<\/section>\n\t\t\t\t<section class=\"elementor-section elementor-top-section elementor-element elementor-element-2860219 elementor-section-boxed elementor-section-height-default elementor-section-height-default\" data-id=\"2860219\" data-element_type=\"section\">\n\t\t\t\t\t\t<div class=\"elementor-container elementor-column-gap-default\">\n\t\t\t\t\t<div class=\"elementor-column elementor-col-66 elementor-top-column elementor-element elementor-element-c5a0c87\" data-id=\"c5a0c87\" data-element_type=\"column\">\n\t\t\t<div class=\"elementor-widget-wrap elementor-element-populated\">\n\t\t\t\t\t\t<div class=\"elementor-element elementor-element-29f0eb9 elementor-widget elementor-widget-sectiontitle\" data-id=\"29f0eb9\" data-element_type=\"widget\" data-widget_type=\"sectiontitle.default\">\n\t\t\t\t<div class=\"elementor-widget-container\">\n\t\t\t\t\t\r\n\t\t\t\t<div class=\"\">\r\n\r\n\t\t\t<div class=\"section-title t_left\">\r\n                 \r\n                        <h5>Niebo w G\u0119bie <span><\/span><\/h5>\r\n                \r\n\t\t\t\t\t\t\t\t\r\n\t\t\t\t  \r\n                       <h3>Restauracje<\/h3>\r\n                \t\t\t\t\r\n\t\t\t\t \t\t\t\t\r\n                \t\t\t\t\r\n\r\n\t\t\t\t\r\n\t\t\t<\/div>\t\r\n\r\n\t\t<\/div>\r\n\r\n\t\t\r\n\t\t\t\t\t\t<\/div>\n\t\t\t\t<\/div>\n\t\t\t\t<div class=\"elementor-element elementor-element-346326f elementor-widget elementor-widget-text-editor\" data-id=\"346326f\" data-element_type=\"widget\" data-widget_type=\"text-editor.default\">\n\t\t\t\t<div class=\"elementor-widget-container\">\n\t\t\t\t\t\t\t\t\t<p style=\"font-weight: 400;\">Zapraszamy do naszych restauracji Niebo w G\u0119bie w Szklarskiej Por\u0119bie i Karpaczu znajduj\u0105ce si\u0119 przy ulicy 1 maja 20A oraz Jedno\u015bci Narodowej 20 w Szklarskiej Por\u0119bie.<\/p>\n<p><span style=\"font-weight: 400;\">W Karpaczu zapraszamy na ulic\u0119 \u0141\u0105czn\u0105 1 oraz Konstytucji 3 Maja 33B.<\/span><\/p>\t\t\t\t\t\t\t\t<\/div>\n\t\t\t\t<\/div>\n\t\t\t\t<div class=\"elementor-element elementor-element-086a464 elementor-widget elementor-widget-image\" data-id=\"086a464\" data-element_type=\"widget\" data-widget_type=\"image.default\">\n\t\t\t\t<div class=\"elementor-widget-container\">\n\t\t\t\t\t\t\t\t\t\t\t\t\t\t\t\t<a href=\"https:\/\/niebowgebie.restaurant\/lokale\/\" target=\"_blank\">\n\t\t\t\t\t\t\t<img fetchpriority=\"high\" decoding=\"async\" width=\"1920\" height=\"1080\" src=\"https:\/\/lunaszklarskaporeba.pl\/wp-content\/uploads\/2025\/03\/nwg.webp\" class=\"attachment-full size-full wp-image-3053\" alt=\"\" srcset=\"https:\/\/lunaszklarskaporeba.pl\/wp-content\/uploads\/2025\/03\/nwg.webp 1920w, https:\/\/lunaszklarskaporeba.pl\/wp-content\/uploads\/2025\/03\/nwg-300x169.webp 300w, https:\/\/lunaszklarskaporeba.pl\/wp-content\/uploads\/2025\/03\/nwg-1024x576.webp 1024w, https:\/\/lunaszklarskaporeba.pl\/wp-content\/uploads\/2025\/03\/nwg-768x432.webp 768w, https:\/\/lunaszklarskaporeba.pl\/wp-content\/uploads\/2025\/03\/nwg-1536x864.webp 1536w\" sizes=\"(max-width: 1920px) 100vw, 1920px\" \/>\t\t\t\t\t\t\t\t<\/a>\n\t\t\t\t\t\t\t\t\t\t\t\t\t\t\t<\/div>\n\t\t\t\t<\/div>\n\t\t\t\t<div class=\"elementor-element elementor-element-0d33fa5 elementor-widget elementor-widget-text-editor\" data-id=\"0d33fa5\" data-element_type=\"widget\" data-widget_type=\"text-editor.default\">\n\t\t\t\t<div class=\"elementor-widget-container\">\n\t\t\t\t\t\t\t\t\t<p style=\"font-weight: 400;\">Na naszych Go\u015bci czeka bogata karta menu, w kt\u00f3rej ka\u017cdy znajdzie co\u015b dla siebie.<\/p><p style=\"font-weight: 400;\"><span style=\"font-weight: 400;\">S\u0142yniemy z pysznej kuchni, d\u0142ugich kolejek zadowolonych smakoszy oraz olbrzymich porcji, z kt\u00f3rymi ka\u017cdy odwiedzaj\u0105cy Szklarsk\u0105 Por\u0119b\u0119 czy Karpacz powinien si\u0119 zmierzy\u0107.<\/span><\/p>\t\t\t\t\t\t\t\t<\/div>\n\t\t\t\t<\/div>\n\t\t\t\t<div class=\"elementor-element elementor-element-6cff6f7 elementor-widget elementor-widget-image-gallery\" data-id=\"6cff6f7\" data-element_type=\"widget\" data-widget_type=\"image-gallery.default\">\n\t\t\t\t<div class=\"elementor-widget-container\">\n\t\t\t\t\t\t\t<div class=\"elementor-image-gallery\">\n\t\t\t<div id='gallery-1' class='gallery galleryid-1183 gallery-columns-3 gallery-size-luxury-gallery-thumb'><figure class='gallery-item'>\n\t\t\t<div class='gallery-icon landscape'>\n\t\t\t\t<a data-elementor-open-lightbox=\"yes\" data-elementor-lightbox-slideshow=\"6cff6f7\" data-elementor-lightbox-title=\"DSC_0240_Easy-Resize.com_\" data-e-action-hash=\"#elementor-action%3Aaction%3Dlightbox%26settings%3DeyJpZCI6MzA1MiwidXJsIjoiaHR0cHM6XC9cL2x1bmFzemtsYXJza2Fwb3JlYmEucGxcL3dwLWNvbnRlbnRcL3VwbG9hZHNcLzIwMjVcLzAzXC9EU0NfMDI0MF9FYXN5LVJlc2l6ZS5jb21fLmpwZyIsInNsaWRlc2hvdyI6IjZjZmY2ZjcifQ%3D%3D\" href='https:\/\/lunaszklarskaporeba.pl\/wp-content\/uploads\/2025\/03\/DSC_0240_Easy-Resize.com_.jpg'><img decoding=\"async\" width=\"560\" height=\"560\" src=\"https:\/\/lunaszklarskaporeba.pl\/wp-content\/uploads\/2025\/03\/DSC_0240_Easy-Resize.com_-560x560.jpg\" class=\"attachment-luxury-gallery-thumb size-luxury-gallery-thumb\" alt=\"\" srcset=\"https:\/\/lunaszklarskaporeba.pl\/wp-content\/uploads\/2025\/03\/DSC_0240_Easy-Resize.com_-560x560.jpg 560w, https:\/\/lunaszklarskaporeba.pl\/wp-content\/uploads\/2025\/03\/DSC_0240_Easy-Resize.com_-150x150.jpg 150w, https:\/\/lunaszklarskaporeba.pl\/wp-content\/uploads\/2025\/03\/DSC_0240_Easy-Resize.com_-390x390.jpg 390w, https:\/\/lunaszklarskaporeba.pl\/wp-content\/uploads\/2025\/03\/DSC_0240_Easy-Resize.com_-450x450.jpg 450w, https:\/\/lunaszklarskaporeba.pl\/wp-content\/uploads\/2025\/03\/DSC_0240_Easy-Resize.com_-106x106.jpg 106w, https:\/\/lunaszklarskaporeba.pl\/wp-content\/uploads\/2025\/03\/DSC_0240_Easy-Resize.com_-80x80.jpg 80w\" sizes=\"(max-width: 560px) 100vw, 560px\" \/><\/a>\n\t\t\t<\/div><\/figure><figure class='gallery-item'>\n\t\t\t<div class='gallery-icon landscape'>\n\t\t\t\t<a data-elementor-open-lightbox=\"yes\" data-elementor-lightbox-slideshow=\"6cff6f7\" data-elementor-lightbox-title=\"DSC_0314_Easy-Resize.com_\" data-e-action-hash=\"#elementor-action%3Aaction%3Dlightbox%26settings%3DeyJpZCI6MzA1MSwidXJsIjoiaHR0cHM6XC9cL2x1bmFzemtsYXJza2Fwb3JlYmEucGxcL3dwLWNvbnRlbnRcL3VwbG9hZHNcLzIwMjVcLzAzXC9EU0NfMDMxNF9FYXN5LVJlc2l6ZS5jb21fLmpwZyIsInNsaWRlc2hvdyI6IjZjZmY2ZjcifQ%3D%3D\" href='https:\/\/lunaszklarskaporeba.pl\/wp-content\/uploads\/2025\/03\/DSC_0314_Easy-Resize.com_.jpg'><img decoding=\"async\" width=\"560\" height=\"560\" src=\"https:\/\/lunaszklarskaporeba.pl\/wp-content\/uploads\/2025\/03\/DSC_0314_Easy-Resize.com_-560x560.jpg\" class=\"attachment-luxury-gallery-thumb size-luxury-gallery-thumb\" alt=\"\" srcset=\"https:\/\/lunaszklarskaporeba.pl\/wp-content\/uploads\/2025\/03\/DSC_0314_Easy-Resize.com_-560x560.jpg 560w, https:\/\/lunaszklarskaporeba.pl\/wp-content\/uploads\/2025\/03\/DSC_0314_Easy-Resize.com_-150x150.jpg 150w, https:\/\/lunaszklarskaporeba.pl\/wp-content\/uploads\/2025\/03\/DSC_0314_Easy-Resize.com_-390x390.jpg 390w, https:\/\/lunaszklarskaporeba.pl\/wp-content\/uploads\/2025\/03\/DSC_0314_Easy-Resize.com_-450x450.jpg 450w, https:\/\/lunaszklarskaporeba.pl\/wp-content\/uploads\/2025\/03\/DSC_0314_Easy-Resize.com_-106x106.jpg 106w, https:\/\/lunaszklarskaporeba.pl\/wp-content\/uploads\/2025\/03\/DSC_0314_Easy-Resize.com_-80x80.jpg 80w\" sizes=\"(max-width: 560px) 100vw, 560px\" \/><\/a>\n\t\t\t<\/div><\/figure><figure class='gallery-item'>\n\t\t\t<div class='gallery-icon landscape'>\n\t\t\t\t<a data-elementor-open-lightbox=\"yes\" data-elementor-lightbox-slideshow=\"6cff6f7\" data-elementor-lightbox-title=\"DSC_0268_Easy-Resize.com_\" data-e-action-hash=\"#elementor-action%3Aaction%3Dlightbox%26settings%3DeyJpZCI6MzA1MCwidXJsIjoiaHR0cHM6XC9cL2x1bmFzemtsYXJza2Fwb3JlYmEucGxcL3dwLWNvbnRlbnRcL3VwbG9hZHNcLzIwMjVcLzAzXC9EU0NfMDI2OF9FYXN5LVJlc2l6ZS5jb21fLmpwZyIsInNsaWRlc2hvdyI6IjZjZmY2ZjcifQ%3D%3D\" href='https:\/\/lunaszklarskaporeba.pl\/wp-content\/uploads\/2025\/03\/DSC_0268_Easy-Resize.com_.jpg'><img loading=\"lazy\" decoding=\"async\" width=\"560\" height=\"560\" src=\"https:\/\/lunaszklarskaporeba.pl\/wp-content\/uploads\/2025\/03\/DSC_0268_Easy-Resize.com_-560x560.jpg\" class=\"attachment-luxury-gallery-thumb size-luxury-gallery-thumb\" alt=\"\" srcset=\"https:\/\/lunaszklarskaporeba.pl\/wp-content\/uploads\/2025\/03\/DSC_0268_Easy-Resize.com_-560x560.jpg 560w, https:\/\/lunaszklarskaporeba.pl\/wp-content\/uploads\/2025\/03\/DSC_0268_Easy-Resize.com_-150x150.jpg 150w, https:\/\/lunaszklarskaporeba.pl\/wp-content\/uploads\/2025\/03\/DSC_0268_Easy-Resize.com_-390x390.jpg 390w, https:\/\/lunaszklarskaporeba.pl\/wp-content\/uploads\/2025\/03\/DSC_0268_Easy-Resize.com_-450x450.jpg 450w, https:\/\/lunaszklarskaporeba.pl\/wp-content\/uploads\/2025\/03\/DSC_0268_Easy-Resize.com_-106x106.jpg 106w, https:\/\/lunaszklarskaporeba.pl\/wp-content\/uploads\/2025\/03\/DSC_0268_Easy-Resize.com_-80x80.jpg 80w\" sizes=\"(max-width: 560px) 100vw, 560px\" \/><\/a>\n\t\t\t<\/div><\/figure><figure class='gallery-item'>\n\t\t\t<div class='gallery-icon landscape'>\n\t\t\t\t<a data-elementor-open-lightbox=\"yes\" data-elementor-lightbox-slideshow=\"6cff6f7\" data-elementor-lightbox-title=\"DSC_0318_Easy-Resize.com_\" data-e-action-hash=\"#elementor-action%3Aaction%3Dlightbox%26settings%3DeyJpZCI6MzA0OSwidXJsIjoiaHR0cHM6XC9cL2x1bmFzemtsYXJza2Fwb3JlYmEucGxcL3dwLWNvbnRlbnRcL3VwbG9hZHNcLzIwMjVcLzAzXC9EU0NfMDMxOF9FYXN5LVJlc2l6ZS5jb21fLmpwZyIsInNsaWRlc2hvdyI6IjZjZmY2ZjcifQ%3D%3D\" href='https:\/\/lunaszklarskaporeba.pl\/wp-content\/uploads\/2025\/03\/DSC_0318_Easy-Resize.com_.jpg'><img loading=\"lazy\" decoding=\"async\" width=\"560\" height=\"560\" src=\"https:\/\/lunaszklarskaporeba.pl\/wp-content\/uploads\/2025\/03\/DSC_0318_Easy-Resize.com_-560x560.jpg\" class=\"attachment-luxury-gallery-thumb size-luxury-gallery-thumb\" alt=\"\" srcset=\"https:\/\/lunaszklarskaporeba.pl\/wp-content\/uploads\/2025\/03\/DSC_0318_Easy-Resize.com_-560x560.jpg 560w, https:\/\/lunaszklarskaporeba.pl\/wp-content\/uploads\/2025\/03\/DSC_0318_Easy-Resize.com_-150x150.jpg 150w, https:\/\/lunaszklarskaporeba.pl\/wp-content\/uploads\/2025\/03\/DSC_0318_Easy-Resize.com_-390x390.jpg 390w, https:\/\/lunaszklarskaporeba.pl\/wp-content\/uploads\/2025\/03\/DSC_0318_Easy-Resize.com_-450x450.jpg 450w, https:\/\/lunaszklarskaporeba.pl\/wp-content\/uploads\/2025\/03\/DSC_0318_Easy-Resize.com_-106x106.jpg 106w, https:\/\/lunaszklarskaporeba.pl\/wp-content\/uploads\/2025\/03\/DSC_0318_Easy-Resize.com_-80x80.jpg 80w\" sizes=\"(max-width: 560px) 100vw, 560px\" \/><\/a>\n\t\t\t<\/div><\/figure><figure class='gallery-item'>\n\t\t\t<div class='gallery-icon landscape'>\n\t\t\t\t<a data-elementor-open-lightbox=\"yes\" data-elementor-lightbox-slideshow=\"6cff6f7\" data-elementor-lightbox-title=\"DSC_0195_Easy-Resize.com_\" data-e-action-hash=\"#elementor-action%3Aaction%3Dlightbox%26settings%3DeyJpZCI6MzA0OCwidXJsIjoiaHR0cHM6XC9cL2x1bmFzemtsYXJza2Fwb3JlYmEucGxcL3dwLWNvbnRlbnRcL3VwbG9hZHNcLzIwMjVcLzAzXC9EU0NfMDE5NV9FYXN5LVJlc2l6ZS5jb21fLmpwZyIsInNsaWRlc2hvdyI6IjZjZmY2ZjcifQ%3D%3D\" href='https:\/\/lunaszklarskaporeba.pl\/wp-content\/uploads\/2025\/03\/DSC_0195_Easy-Resize.com_.jpg'><img loading=\"lazy\" decoding=\"async\" width=\"560\" height=\"560\" src=\"https:\/\/lunaszklarskaporeba.pl\/wp-content\/uploads\/2025\/03\/DSC_0195_Easy-Resize.com_-560x560.jpg\" class=\"attachment-luxury-gallery-thumb size-luxury-gallery-thumb\" alt=\"\" srcset=\"https:\/\/lunaszklarskaporeba.pl\/wp-content\/uploads\/2025\/03\/DSC_0195_Easy-Resize.com_-560x560.jpg 560w, https:\/\/lunaszklarskaporeba.pl\/wp-content\/uploads\/2025\/03\/DSC_0195_Easy-Resize.com_-150x150.jpg 150w, https:\/\/lunaszklarskaporeba.pl\/wp-content\/uploads\/2025\/03\/DSC_0195_Easy-Resize.com_-390x390.jpg 390w, https:\/\/lunaszklarskaporeba.pl\/wp-content\/uploads\/2025\/03\/DSC_0195_Easy-Resize.com_-450x450.jpg 450w, https:\/\/lunaszklarskaporeba.pl\/wp-content\/uploads\/2025\/03\/DSC_0195_Easy-Resize.com_-106x106.jpg 106w, https:\/\/lunaszklarskaporeba.pl\/wp-content\/uploads\/2025\/03\/DSC_0195_Easy-Resize.com_-80x80.jpg 80w\" sizes=\"(max-width: 560px) 100vw, 560px\" \/><\/a>\n\t\t\t<\/div><\/figure><figure class='gallery-item'>\n\t\t\t<div class='gallery-icon landscape'>\n\t\t\t\t<a data-elementor-open-lightbox=\"yes\" data-elementor-lightbox-slideshow=\"6cff6f7\" data-elementor-lightbox-title=\"DSC_0382_Easy-Resize.com_\" data-e-action-hash=\"#elementor-action%3Aaction%3Dlightbox%26settings%3DeyJpZCI6MzA0NywidXJsIjoiaHR0cHM6XC9cL2x1bmFzemtsYXJza2Fwb3JlYmEucGxcL3dwLWNvbnRlbnRcL3VwbG9hZHNcLzIwMjVcLzAzXC9EU0NfMDM4Ml9FYXN5LVJlc2l6ZS5jb21fLmpwZyIsInNsaWRlc2hvdyI6IjZjZmY2ZjcifQ%3D%3D\" href='https:\/\/lunaszklarskaporeba.pl\/wp-content\/uploads\/2025\/03\/DSC_0382_Easy-Resize.com_.jpg'><img loading=\"lazy\" decoding=\"async\" width=\"560\" height=\"560\" src=\"https:\/\/lunaszklarskaporeba.pl\/wp-content\/uploads\/2025\/03\/DSC_0382_Easy-Resize.com_-560x560.jpg\" class=\"attachment-luxury-gallery-thumb size-luxury-gallery-thumb\" alt=\"\" srcset=\"https:\/\/lunaszklarskaporeba.pl\/wp-content\/uploads\/2025\/03\/DSC_0382_Easy-Resize.com_-560x560.jpg 560w, https:\/\/lunaszklarskaporeba.pl\/wp-content\/uploads\/2025\/03\/DSC_0382_Easy-Resize.com_-150x150.jpg 150w, https:\/\/lunaszklarskaporeba.pl\/wp-content\/uploads\/2025\/03\/DSC_0382_Easy-Resize.com_-390x390.jpg 390w, https:\/\/lunaszklarskaporeba.pl\/wp-content\/uploads\/2025\/03\/DSC_0382_Easy-Resize.com_-450x450.jpg 450w, https:\/\/lunaszklarskaporeba.pl\/wp-content\/uploads\/2025\/03\/DSC_0382_Easy-Resize.com_-106x106.jpg 106w, https:\/\/lunaszklarskaporeba.pl\/wp-content\/uploads\/2025\/03\/DSC_0382_Easy-Resize.com_-80x80.jpg 80w\" sizes=\"(max-width: 560px) 100vw, 560px\" \/><\/a>\n\t\t\t<\/div><\/figure><figure class='gallery-item'>\n\t\t\t<div class='gallery-icon landscape'>\n\t\t\t\t<a data-elementor-open-lightbox=\"yes\" data-elementor-lightbox-slideshow=\"6cff6f7\" data-elementor-lightbox-title=\"DSC_0456_Easy-Resize.com_\" data-e-action-hash=\"#elementor-action%3Aaction%3Dlightbox%26settings%3DeyJpZCI6MzA0NiwidXJsIjoiaHR0cHM6XC9cL2x1bmFzemtsYXJza2Fwb3JlYmEucGxcL3dwLWNvbnRlbnRcL3VwbG9hZHNcLzIwMjVcLzAzXC9EU0NfMDQ1Nl9FYXN5LVJlc2l6ZS5jb21fLmpwZyIsInNsaWRlc2hvdyI6IjZjZmY2ZjcifQ%3D%3D\" href='https:\/\/lunaszklarskaporeba.pl\/wp-content\/uploads\/2025\/03\/DSC_0456_Easy-Resize.com_.jpg'><img loading=\"lazy\" decoding=\"async\" width=\"560\" height=\"560\" src=\"https:\/\/lunaszklarskaporeba.pl\/wp-content\/uploads\/2025\/03\/DSC_0456_Easy-Resize.com_-560x560.jpg\" class=\"attachment-luxury-gallery-thumb size-luxury-gallery-thumb\" alt=\"\" srcset=\"https:\/\/lunaszklarskaporeba.pl\/wp-content\/uploads\/2025\/03\/DSC_0456_Easy-Resize.com_-560x560.jpg 560w, https:\/\/lunaszklarskaporeba.pl\/wp-content\/uploads\/2025\/03\/DSC_0456_Easy-Resize.com_-150x150.jpg 150w, https:\/\/lunaszklarskaporeba.pl\/wp-content\/uploads\/2025\/03\/DSC_0456_Easy-Resize.com_-390x390.jpg 390w, https:\/\/lunaszklarskaporeba.pl\/wp-content\/uploads\/2025\/03\/DSC_0456_Easy-Resize.com_-450x450.jpg 450w, https:\/\/lunaszklarskaporeba.pl\/wp-content\/uploads\/2025\/03\/DSC_0456_Easy-Resize.com_-106x106.jpg 106w, https:\/\/lunaszklarskaporeba.pl\/wp-content\/uploads\/2025\/03\/DSC_0456_Easy-Resize.com_-80x80.jpg 80w\" sizes=\"(max-width: 560px) 100vw, 560px\" \/><\/a>\n\t\t\t<\/div><\/figure><figure class='gallery-item'>\n\t\t\t<div class='gallery-icon landscape'>\n\t\t\t\t<a data-elementor-open-lightbox=\"yes\" data-elementor-lightbox-slideshow=\"6cff6f7\" data-elementor-lightbox-title=\"DSC_0396_Easy-Resize.com_\" data-e-action-hash=\"#elementor-action%3Aaction%3Dlightbox%26settings%3DeyJpZCI6MzA0NSwidXJsIjoiaHR0cHM6XC9cL2x1bmFzemtsYXJza2Fwb3JlYmEucGxcL3dwLWNvbnRlbnRcL3VwbG9hZHNcLzIwMjVcLzAzXC9EU0NfMDM5Nl9FYXN5LVJlc2l6ZS5jb21fLmpwZyIsInNsaWRlc2hvdyI6IjZjZmY2ZjcifQ%3D%3D\" href='https:\/\/lunaszklarskaporeba.pl\/wp-content\/uploads\/2025\/03\/DSC_0396_Easy-Resize.com_.jpg'><img loading=\"lazy\" decoding=\"async\" width=\"560\" height=\"560\" src=\"https:\/\/lunaszklarskaporeba.pl\/wp-content\/uploads\/2025\/03\/DSC_0396_Easy-Resize.com_-560x560.jpg\" class=\"attachment-luxury-gallery-thumb size-luxury-gallery-thumb\" alt=\"\" srcset=\"https:\/\/lunaszklarskaporeba.pl\/wp-content\/uploads\/2025\/03\/DSC_0396_Easy-Resize.com_-560x560.jpg 560w, https:\/\/lunaszklarskaporeba.pl\/wp-content\/uploads\/2025\/03\/DSC_0396_Easy-Resize.com_-150x150.jpg 150w, https:\/\/lunaszklarskaporeba.pl\/wp-content\/uploads\/2025\/03\/DSC_0396_Easy-Resize.com_-390x390.jpg 390w, https:\/\/lunaszklarskaporeba.pl\/wp-content\/uploads\/2025\/03\/DSC_0396_Easy-Resize.com_-450x450.jpg 450w, https:\/\/lunaszklarskaporeba.pl\/wp-content\/uploads\/2025\/03\/DSC_0396_Easy-Resize.com_-106x106.jpg 106w, https:\/\/lunaszklarskaporeba.pl\/wp-content\/uploads\/2025\/03\/DSC_0396_Easy-Resize.com_-80x80.jpg 80w\" sizes=\"(max-width: 560px) 100vw, 560px\" \/><\/a>\n\t\t\t<\/div><\/figure>\n\t\t<\/div>\n\t\t<\/div>\n\t\t\t\t\t\t<\/div>\n\t\t\t\t<\/div>\n\t\t\t\t\t<\/div>\n\t\t<\/div>\n\t\t\t\t<div class=\"elementor-column elementor-col-33 elementor-top-column elementor-element elementor-element-ce7048e\" data-id=\"ce7048e\" data-element_type=\"column\">\n\t\t\t<div class=\"elementor-widget-wrap elementor-element-populated\">\n\t\t\t\t\t\t<div class=\"elementor-element elementor-element-e4c7bca elementor-widget elementor-widget-sectiontitle\" data-id=\"e4c7bca\" data-element_type=\"widget\" data-widget_type=\"sectiontitle.default\">\n\t\t\t\t<div class=\"elementor-widget-container\">\n\t\t\t\t\t\r\n\t\t\t\t<div class=\"\">\r\n\r\n\t\t\t<div class=\"section-title t_left\">\r\n                 \r\n                        <h5>Karpacz <span><\/span><\/h5>\r\n                \r\n\t\t\t\t\t\t\t\t\r\n\t\t\t\t  \r\n                       <h3>Nasze lokale<\/h3>\r\n                \t\t\t\t\r\n\t\t\t\t \t\t\t\t\r\n                \t\t\t\t\r\n\r\n\t\t\t\t\r\n\t\t\t<\/div>\t\r\n\r\n\t\t<\/div>\r\n\r\n\t\t\r\n\t\t\t\t\t\t<\/div>\n\t\t\t\t<\/div>\n\t\t\t\t<div class=\"elementor-element elementor-element-8ada0ee elementor-widget elementor-widget-google_maps\" data-id=\"8ada0ee\" data-element_type=\"widget\" data-widget_type=\"google_maps.default\">\n\t\t\t\t<div class=\"elementor-widget-container\">\n\t\t\t\t\t\t\t<div class=\"elementor-custom-embed\">\n\t\t\t<iframe loading=\"lazy\"\n\t\t\t\t\tsrc=\"https:\/\/maps.google.com\/maps?q=niebo%20w%20g%C4%99bie%2C%20Karpacz&#038;t=m&#038;z=17&#038;output=embed&#038;iwloc=near\"\n\t\t\t\t\ttitle=\"niebo w g\u0119bie, Karpacz\"\n\t\t\t\t\taria-label=\"niebo w g\u0119bie, Karpacz\"\n\t\t\t><\/iframe>\n\t\t<\/div>\n\t\t\t\t\t\t<\/div>\n\t\t\t\t<\/div>\n\t\t\t\t<div class=\"elementor-element elementor-element-592dceb elementor-widget elementor-widget-google_maps\" data-id=\"592dceb\" data-element_type=\"widget\" data-widget_type=\"google_maps.default\">\n\t\t\t\t<div class=\"elementor-widget-container\">\n\t\t\t\t\t\t\t<div class=\"elementor-custom-embed\">\n\t\t\t<iframe loading=\"lazy\"\n\t\t\t\t\tsrc=\"https:\/\/maps.google.com\/maps?q=niebo%20w%20g%C4%99bie%20breakfast%2C%20lunch%2C%20dinner%2C%20Karpacz&#038;t=m&#038;z=17&#038;output=embed&#038;iwloc=near\"\n\t\t\t\t\ttitle=\"niebo w g\u0119bie breakfast, lunch, dinner, Karpacz\"\n\t\t\t\t\taria-label=\"niebo w g\u0119bie breakfast, lunch, dinner, Karpacz\"\n\t\t\t><\/iframe>\n\t\t<\/div>\n\t\t\t\t\t\t<\/div>\n\t\t\t\t<\/div>\n\t\t\t\t<div class=\"elementor-element elementor-element-f85bfbd elementor-widget elementor-widget-sectiontitle\" data-id=\"f85bfbd\" data-element_type=\"widget\" data-widget_type=\"sectiontitle.default\">\n\t\t\t\t<div class=\"elementor-widget-container\">\n\t\t\t\t\t\r\n\t\t\t\t<div class=\"\">\r\n\r\n\t\t\t<div class=\"section-title t_left\">\r\n                 \r\n                        <h5>Szklarska Por\u0119ba <span><\/span><\/h5>\r\n                \r\n\t\t\t\t\t\t\t\t\r\n\t\t\t\t  \r\n                       <h3>Nasze lokale<\/h3>\r\n                \t\t\t\t\r\n\t\t\t\t \t\t\t\t\r\n                \t\t\t\t\r\n\r\n\t\t\t\t\r\n\t\t\t<\/div>\t\r\n\r\n\t\t<\/div>\r\n\r\n\t\t\r\n\t\t\t\t\t\t<\/div>\n\t\t\t\t<\/div>\n\t\t\t\t<div class=\"elementor-element elementor-element-533e892 elementor-widget elementor-widget-google_maps\" data-id=\"533e892\" data-element_type=\"widget\" data-widget_type=\"google_maps.default\">\n\t\t\t\t<div class=\"elementor-widget-container\">\n\t\t\t\t\t\t\t<div class=\"elementor-custom-embed\">\n\t\t\t<iframe loading=\"lazy\"\n\t\t\t\t\tsrc=\"https:\/\/maps.google.com\/maps?q=niebo%20w%20g%C4%99bie%2C%20szklarska%20por%C4%99ba%2C%20jedno%C5%9Bci%20narodowej%2020&#038;t=m&#038;z=16&#038;output=embed&#038;iwloc=near\"\n\t\t\t\t\ttitle=\"niebo w g\u0119bie, szklarska por\u0119ba, jedno\u015bci narodowej 20\"\n\t\t\t\t\taria-label=\"niebo w g\u0119bie, szklarska por\u0119ba, jedno\u015bci narodowej 20\"\n\t\t\t><\/iframe>\n\t\t<\/div>\n\t\t\t\t\t\t<\/div>\n\t\t\t\t<\/div>\n\t\t\t\t<div class=\"elementor-element elementor-element-bf01f04 elementor-widget elementor-widget-google_maps\" data-id=\"bf01f04\" data-element_type=\"widget\" data-widget_type=\"google_maps.default\">\n\t\t\t\t<div class=\"elementor-widget-container\">\n\t\t\t\t\t\t\t<div class=\"elementor-custom-embed\">\n\t\t\t<iframe loading=\"lazy\"\n\t\t\t\t\tsrc=\"https:\/\/maps.google.com\/maps?q=niebo%20w%20g%C4%99bie%2C%20szklarska%20por%C4%99ba%2C%201%20maja%2020a&#038;t=m&#038;z=16&#038;output=embed&#038;iwloc=near\"\n\t\t\t\t\ttitle=\"niebo w g\u0119bie, szklarska por\u0119ba, 1 maja 20a\"\n\t\t\t\t\taria-label=\"niebo w g\u0119bie, szklarska por\u0119ba, 1 maja 20a\"\n\t\t\t><\/iframe>\n\t\t<\/div>\n\t\t\t\t\t\t<\/div>\n\t\t\t\t<\/div>\n\t\t\t\t\t<\/div>\n\t\t<\/div>\n\t\t\t\t\t<\/div>\n\t\t<\/section>\n\t\t\t\t<\/div>\n\t\t","protected":false},"excerpt":{"rendered":"<p>NwG Odwied\u017a nas Niebo w G\u0119bie Restauracje Zapraszamy do naszych restauracji Niebo w G\u0119bie w Szklarskiej Por\u0119bie i Karpaczu znajduj\u0105ce si\u0119 przy ulicy 1 maja 20A oraz Jedno\u015bci Narodowej 20 w Szklarskiej Por\u0119bie. W Karpaczu zapraszamy na ulic\u0119 \u0141\u0105czn\u0105 1 oraz Konstytucji 3 Maja 33B. Na naszych Go\u015bci czeka bogata karta menu, w kt\u00f3rej ka\u017cdy [&hellip;]<\/p>\n","protected":false},"author":1,"featured_media":0,"parent":0,"menu_order":0,"comment_status":"closed","ping_status":"closed","template":"","meta":{"inline_featured_image":false,"_monsterinsights_skip_tracking":false,"_monsterinsights_sitenote_active":false,"_monsterinsights_sitenote_note":"","_monsterinsights_sitenote_category":0,"footnotes":""},"class_list":["post-1183","page","type-page","status-publish","hentry"],"_links":{"self":[{"href":"https:\/\/lunaszklarskaporeba.pl\/index.php\/wp-json\/wp\/v2\/pages\/1183","targetHints":{"allow":["GET"]}}],"collection":[{"href":"https:\/\/lunaszklarskaporeba.pl\/index.php\/wp-json\/wp\/v2\/pages"}],"about":[{"href":"https:\/\/lunaszklarskaporeba.pl\/index.php\/wp-json\/wp\/v2\/types\/page"}],"author":[{"embeddable":true,"href":"https:\/\/lunaszklarskaporeba.pl\/index.php\/wp-json\/wp\/v2\/users\/1"}],"replies":[{"embeddable":true,"href":"https:\/\/lunaszklarskaporeba.pl\/index.php\/wp-json\/wp\/v2\/comments?post=1183"}],"version-history":[{"count":90,"href":"https:\/\/lunaszklarskaporeba.pl\/index.php\/wp-json\/wp\/v2\/pages\/1183\/revisions"}],"predecessor-version":[{"id":3709,"href":"https:\/\/lunaszklarskaporeba.pl\/index.php\/wp-json\/wp\/v2\/pages\/1183\/revisions\/3709"}],"wp:attachment":[{"href":"https:\/\/lunaszklarskaporeba.pl\/index.php\/wp-json\/wp\/v2\/media?parent=1183"}],"curies":[{"name":"wp","href":"https:\/\/api.w.org\/{rel}","templated":true}]}}